{"id":174,"date":"2026-02-09T08:03:13","date_gmt":"2026-02-09T08:03:13","guid":{"rendered":"https:\/\/straight-foods.de\/?page_id=174"},"modified":"2026-03-08T07:23:23","modified_gmt":"2026-03-08T07:23:23","slug":"impressum","status":"publish","type":"page","link":"https:\/\/straight-foods.de\/en\/impressum\/","title":{"rendered":"Imprint"},"content":{"rendered":"<div data-elementor-type=\"wp-page\" data-elementor-id=\"174\" class=\"elementor elementor-174\" data-elementor-post-type=\"page\">\n\t\t\t\t\t\t<section class=\"elementor-section elementor-top-section elementor-element elementor-element-3dd5021 elementor-section-full_width elementor-section-height-default elementor-section-height-default\" data-id=\"3dd5021\" data-element_type=\"section\" data-e-type=\"section\" data-settings=\"{&quot;background_background&quot;:&quot;classic&quot;}\">\n\t\t\t\t\t\t<div class=\"elementor-container elementor-column-gap-default\">\n\t\t\t\t\t<div class=\"elementor-column elementor-col-100 elementor-top-column elementor-element elementor-element-178567c\" data-id=\"178567c\" data-element_type=\"column\" data-e-type=\"column\">\n\t\t\t<div class=\"elementor-widget-wrap elementor-element-populated\">\n\t\t\t\t\t\t<section class=\"elementor-section elementor-inner-section elementor-element elementor-element-b3db409 elementor-section-boxed elementor-section-height-default elementor-section-height-default\" data-id=\"b3db409\" data-element_type=\"section\" data-e-type=\"section\">\n\t\t\t\t\t\t<div class=\"elementor-container elementor-column-gap-default\">\n\t\t\t\t\t<div class=\"elementor-column elementor-col-100 elementor-inner-column elementor-element elementor-element-cdfe5f6\" data-id=\"cdfe5f6\" data-element_type=\"column\" data-e-type=\"column\">\n\t\t\t<div class=\"elementor-widget-wrap elementor-element-populated\">\n\t\t\t\t\t\t<div class=\"elementor-element elementor-element-cb14fad elementor-widget elementor-widget-heading\" data-id=\"cb14fad\" data-element_type=\"widget\" data-e-type=\"widget\" data-widget_type=\"heading.default\">\n\t\t\t\t\t<h1 class=\"elementor-heading-title elementor-size-default\">Imprint<\/h1>\t\t\t\t<\/div>\n\t\t\t\t<div class=\"elementor-element elementor-element-2340a7a elementor-widget elementor-widget-text-editor\" data-id=\"2340a7a\" data-element_type=\"widget\" data-e-type=\"widget\" data-widget_type=\"text-editor.default\">\n\t\t\t\t\t\t\t\t\t<p class=\"isSelectedEnd\"><strong>Information according to Section 5 DDG<\/strong><\/p>\n<p class=\"isSelectedEnd\">STRAIGHT FOODS UG (limited liability)&nbsp;<br>Heuweg 24<br>93194 Walderbach<br>Germany<\/p>\n<p class=\"isSelectedEnd\">Represented by the Managing Director:<br>Markus Seiler<\/p>\n<p class=\"isSelectedEnd\"><strong>Commercial Register:<\/strong><br>District Court of Regensburg<br>HRB 21662<\/p>\n<p class=\"isSelectedEnd\">Contact<\/p>\n<p class=\"isSelectedEnd\">E-Mail: <a href=\"mailto:contact@straight-foods.de\">contact@straight-foods.de<\/a><\/p>\n<p class=\"isSelectedEnd\"><strong>VAT identification number according to Section 27a of the Value Added Tax Act:<\/strong><br>DE456578099<\/p>\n<p class=\"isSelectedEnd\"><strong>Responsible for the content according to Section 18 Paragraph 2 MStV<\/strong><\/p>\n<p class=\"isSelectedEnd\">Markus Seiler<br>Heuweg 24<br>93194 Walderbach<br>Germany<\/p>\n<p class=\"isSelectedEnd\"><strong>EU Dispute Resolution<\/strong><\/p>\n<p class=\"isSelectedEnd\">The European Commission provides a platform for online dispute resolution (ODR):<br><a href=\"https:\/\/ec.europa.eu\/consumers\/odr\/\" target=\"_blank\" rel=\"noopener\">https:\/\/ec.europa.eu\/consumers\/odr\/<\/a><\/p>\n<p class=\"isSelectedEnd\">You can find our email address above in the legal notice.<\/p>\n<p class=\"isSelectedEnd\">Consumer dispute resolution \/ Universal arbitration board<\/p>\n<p>We are not willing or obliged to participate in dispute resolution proceedings before a consumer arbitration board.<\/p>\n<p class=\"isSelectedEnd\"><strong>Image Credits<\/strong><\/p>\n<p class=\"isSelectedEnd\">The images and photographs used on this website are protected by copyright.<\/p>\n<p class=\"isSelectedEnd\">Unless otherwise stated, the image rights are held by STRAIGHT FOODS or Markus Seiler.<\/p>\n<p>Any use or reproduction of the content is only permitted with express consent in accordance with Section 13 UrhG.<\/p>\t\t\t\t\t\t\t\t<\/div>\n\t\t\t\t\t<\/div>\n\t\t<\/div>\n\t\t\t\t\t<\/div>\n\t\t<\/section>\n\t\t\t\t\t<\/div>\n\t\t<\/div>\n\t\t\t\t\t<\/div>\n\t\t<\/section>\n\t\t\t\t<\/div>","protected":false},"excerpt":{"rendered":"<p>Impressum Angaben gem\u00e4\u00df \u00a7 5 DDG STRAIGHT FOODS UG (haftungsbeschr\u00e4nkt)&nbsp;Heuweg 2493194 WalderbachDeutschland Vertreten durch den Gesch\u00e4ftsf\u00fchrer:Markus Seiler Handelsregister:Amtsgericht RegensburgHRB 21662 Kontakt E-Mail: contact@straight-foods.de Umsatzsteuer-Identifikationsnummer gem\u00e4\u00df \u00a7 27a Umsatzsteuergesetz:DE456578099 Verantwortlich f\u00fcr den Inhalt nach \u00a7 18 Abs. 2 MStV Markus SeilerHeuweg 2493194 WalderbachDeutschland EU-Streitschlichtung Die Europ\u00e4ische Kommission stellt eine Plattform zur Online-Streitbeilegung (OS) bereit:https:\/\/ec.europa.eu\/consumers\/odr\/ Unsere E-Mail-Adresse [&hellip;]<\/p>\n","protected":false},"author":1,"featured_media":0,"parent":0,"menu_order":0,"comment_status":"closed","ping_status":"closed","template":"elementor_header_footer","meta":{"footnotes":""},"class_list":["post-174","page","type-page","status-publish","hentry"],"_links":{"self":[{"href":"https:\/\/straight-foods.de\/en\/wp-json\/wp\/v2\/pages\/174","targetHints":{"allow":["GET"]}}],"collection":[{"href":"https:\/\/straight-foods.de\/en\/wp-json\/wp\/v2\/pages"}],"about":[{"href":"https:\/\/straight-foods.de\/en\/wp-json\/wp\/v2\/types\/page"}],"author":[{"embeddable":true,"href":"https:\/\/straight-foods.de\/en\/wp-json\/wp\/v2\/users\/1"}],"replies":[{"embeddable":true,"href":"https:\/\/straight-foods.de\/en\/wp-json\/wp\/v2\/comments?post=174"}],"version-history":[{"count":28,"href":"https:\/\/straight-foods.de\/en\/wp-json\/wp\/v2\/pages\/174\/revisions"}],"predecessor-version":[{"id":1319,"href":"https:\/\/straight-foods.de\/en\/wp-json\/wp\/v2\/pages\/174\/revisions\/1319"}],"wp:attachment":[{"href":"https:\/\/straight-foods.de\/en\/wp-json\/wp\/v2\/media?parent=174"}],"curies":[{"name":"wp","href":"https:\/\/api.w.org\/{rel}","templated":true}]}}