{"id":182,"date":"2026-02-09T08:05:37","date_gmt":"2026-02-09T08:05:37","guid":{"rendered":"https:\/\/straight-foods.de\/?page_id=182"},"modified":"2026-02-27T10:34:53","modified_gmt":"2026-02-27T10:34:53","slug":"datenschutz","status":"publish","type":"page","link":"https:\/\/straight-foods.de\/en\/datenschutz\/","title":{"rendered":"Privacy policy"},"content":{"rendered":"<div data-elementor-type=\"wp-page\" data-elementor-id=\"182\" class=\"elementor elementor-182\" data-elementor-post-type=\"page\">\n\t\t\t\t\t\t<section class=\"elementor-section elementor-top-section elementor-element elementor-element-dd5d785 elementor-section-full_width elementor-section-height-default elementor-section-height-default\" data-id=\"dd5d785\" data-element_type=\"section\" data-e-type=\"section\" data-settings=\"{&quot;background_background&quot;:&quot;classic&quot;}\">\n\t\t\t\t\t\t<div class=\"elementor-container elementor-column-gap-default\">\n\t\t\t\t\t<div class=\"elementor-column elementor-col-100 elementor-top-column elementor-element elementor-element-b79fdeb\" data-id=\"b79fdeb\" data-element_type=\"column\" data-e-type=\"column\">\n\t\t\t<div class=\"elementor-widget-wrap elementor-element-populated\">\n\t\t\t\t\t\t<section class=\"elementor-section elementor-inner-section elementor-element elementor-element-88a32b5 elementor-section-boxed elementor-section-height-default elementor-section-height-default\" data-id=\"88a32b5\" data-element_type=\"section\" data-e-type=\"section\">\n\t\t\t\t\t\t<div class=\"elementor-container elementor-column-gap-default\">\n\t\t\t\t\t<div class=\"elementor-column elementor-col-100 elementor-inner-column elementor-element elementor-element-fc65e98\" data-id=\"fc65e98\" data-element_type=\"column\" data-e-type=\"column\">\n\t\t\t<div class=\"elementor-widget-wrap elementor-element-populated\">\n\t\t\t\t\t\t<div class=\"elementor-element elementor-element-a6eb159 elementor-widget elementor-widget-heading\" data-id=\"a6eb159\" data-element_type=\"widget\" data-e-type=\"widget\" data-widget_type=\"heading.default\">\n\t\t\t\t\t<h1 class=\"elementor-heading-title elementor-size-default\">Privacy policy<\/h1>\t\t\t\t<\/div>\n\t\t\t\t<div class=\"elementor-element elementor-element-327e431 elementor-widget elementor-widget-text-editor\" data-id=\"327e431\" data-element_type=\"widget\" data-e-type=\"widget\" data-widget_type=\"text-editor.default\">\n\t\t\t\t\t\t\t\t\t<p><strong>Privacy Policy<\/strong><\/p><ol><li>Responsible body<\/li><\/ol><p>The entity responsible for data processing on this website is:<\/p><p>STRAIGHT FOODS UG (limited liability)<\/p><p>Represented by the Managing Director: Markus Seiler<\/p><p>Heuweg 24<\/p><p>93194 Walderbach<\/p><p>Germany<\/p><p>E-Mail: contact@straight-foods.de<\/p><p>Registered in the commercial register of the local court Regensburg<\/p><p>HRB 21662<\/p><ol start=\"2\"><li>General information on data processing<\/li><\/ol><p>We take the protection of your personal data very seriously.<\/p><p>The processing is carried out on the basis of legal provisions, in particular the General Data Protection Regulation (GDPR).<\/p><p>Personal data is any data that can be used to personally identify you.<\/p><ol start=\"3\"><li>Hosting<\/li><\/ol><p>This website is hosted by the following provider:<\/p><p>IONOS SE<\/p><p>Elgendorfer Str. 57<\/p><p>56410 Montabaur<\/p><p>Germany<\/p><p>When you visit our website, the hosting provider automatically collects personal data in so-called server log files. This includes, in particular:<\/p><p>IP address<\/p><p>Date and time of the request<\/p><p>Browser type and browser version<\/p><p>Operating system used<\/p><p>Referrer URL<\/p><p>Hostname of the accessing computer<\/p><p>The processing is based on Art. 6 para. 1 lit. f GDPR (legitimate interest in the technically flawless presentation and security of the website).<\/p><p>A data processing agreement pursuant to Art. 28 GDPR exists with the hosting provider.<\/p><ol start=\"4\"><li>Contact form and email contact<\/li><\/ol><p>If you contact us via contact form or email, your information will be stored for processing the request and for possible follow-up questions.<\/p><p>The legal basis is:<\/p><p>Article 6 paragraph 1 letter b GDPR (contract or pre-contractual measures), insofar as the request aims at concluding a contract.<\/p><p>Article 6 paragraph 1 letter f GDPR (legitimate interest in processing inquiries)<\/p><p>The data will remain with us until the purpose of storage no longer applies or you request us to delete it, provided there are no legal retention obligations to the contrary.<\/p><p>provided the request aims at concluding a contract<\/p><p>Article 6 paragraph 1 letter f GDPR (legitimate interest in processing inquiries)<\/p><p>The data will remain with us until the purpose of storage no longer applies or you request us to delete it, provided there are no legal retention obligations to the contrary.<\/p><ol start=\"5\"><li>Newsletter \/ Early Access<\/li><\/ol><p>If you register via the form for launch information or early access, we will process your email address for the purpose of sending you information about the product launch.<\/p><p>Registration takes place via the double opt-in procedure.<\/p><p>This means that after registering, you will receive an email in which you must confirm your registration.<\/p><p>The legal basis is Art. 6 para. 1 lit. a GDPR (consent).<\/p><p>You can withdraw your consent at any time, e.g. via an unsubscribe link in every email or by sending a message to contact@straight-foods.de.<\/p><p>The data will be deleted as soon as it is no longer needed for the purpose or you withdraw your consent.<\/p><p>If an external newsletter service provider is used, the processing takes place within the framework of commissioned data processing in accordance with Art. 28 GDPR.<\/p><ol start=\"6\"><li>Cookie-Consent-Tool<\/li><\/ol><p>This website uses a cookie consent technology to obtain your consent to the storage of certain cookies or the use of certain technologies and to document it in accordance with data protection regulations.<\/p><p>When you access the website, your consent will be requested and stored.<\/p><p>The legal basis is Art. 6 para. 1 lit. c GDPR (fulfillment of legal obligations).<\/p><p>The stored data will be deleted as soon as the purpose no longer applies or you delete the cookie yourself.<\/p><ol start=\"7\"><li>Your rights<\/li><\/ol><p>Under applicable law, you have the following rights:<\/p><p>Right of access (Art. 15 GDPR)<\/p><p>Right to rectification (Art. 16 GDPR)<\/p><p>Right to erasure (Art. 17 GDPR)<\/p><p>Right to restriction of processing (Art. 18 GDPR)<\/p><p>Right to data portability (Art. 20 GDPR)<\/p><p>Right to object (Art. 21 GDPR)<\/p><p>You also have the right to lodge a complaint with a data protection supervisory authority regarding the processing of your personal data.<\/p><p>Regensburg Local Court \u2013 HRB 21662<\/p><p>VAT ID No.: DE456578099\u00a0<\/p>\t\t\t\t\t\t\t\t<\/div>\n\t\t\t\t\t<\/div>\n\t\t<\/div>\n\t\t\t\t\t<\/div>\n\t\t<\/section>\n\t\t\t\t\t<\/div>\n\t\t<\/div>\n\t\t\t\t\t<\/div>\n\t\t<\/section>\n\t\t\t\t<\/div>","protected":false},"excerpt":{"rendered":"<p>Datenschutz Datenschutzerkl\u00e4rung Verantwortliche Stelle Verantwortlich f\u00fcr die Datenverarbeitung auf dieser Website ist: STRAIGHT FOODS UG (haftungsbeschr\u00e4nkt) Vertreten durch den Gesch\u00e4ftsf\u00fchrer: Markus Seiler Heuweg 24 93194 Walderbach Deutschland E-Mail: contact@straight-foods.de Eingetragen im Handelsregister des Amtsgerichts Regensburg HRB 21662 Allgemeine Hinweise zur Datenverarbeitung Wir nehmen den Schutz Ihrer personenbezogenen Daten sehr ernst. Die Verarbeitung erfolgt auf Grundlage [&hellip;]<\/p>\n","protected":false},"author":1,"featured_media":0,"parent":0,"menu_order":0,"comment_status":"closed","ping_status":"closed","template":"elementor_header_footer","meta":{"footnotes":""},"class_list":["post-182","page","type-page","status-publish","hentry"],"_links":{"self":[{"href":"https:\/\/straight-foods.de\/en\/wp-json\/wp\/v2\/pages\/182","targetHints":{"allow":["GET"]}}],"collection":[{"href":"https:\/\/straight-foods.de\/en\/wp-json\/wp\/v2\/pages"}],"about":[{"href":"https:\/\/straight-foods.de\/en\/wp-json\/wp\/v2\/types\/page"}],"author":[{"embeddable":true,"href":"https:\/\/straight-foods.de\/en\/wp-json\/wp\/v2\/users\/1"}],"replies":[{"embeddable":true,"href":"https:\/\/straight-foods.de\/en\/wp-json\/wp\/v2\/comments?post=182"}],"version-history":[{"count":34,"href":"https:\/\/straight-foods.de\/en\/wp-json\/wp\/v2\/pages\/182\/revisions"}],"predecessor-version":[{"id":1091,"href":"https:\/\/straight-foods.de\/en\/wp-json\/wp\/v2\/pages\/182\/revisions\/1091"}],"wp:attachment":[{"href":"https:\/\/straight-foods.de\/en\/wp-json\/wp\/v2\/media?parent=182"}],"curies":[{"name":"wp","href":"https:\/\/api.w.org\/{rel}","templated":true}]}}