{"id":187,"date":"2026-02-09T08:09:20","date_gmt":"2026-02-09T08:09:20","guid":{"rendered":"https:\/\/straight-foods.de\/?page_id=187"},"modified":"2026-02-25T07:10:29","modified_gmt":"2026-02-25T07:10:29","slug":"agb","status":"publish","type":"page","link":"https:\/\/straight-foods.de\/en\/agb\/","title":{"rendered":"Terms and conditions"},"content":{"rendered":"<div data-elementor-type=\"wp-page\" data-elementor-id=\"187\" class=\"elementor elementor-187\" data-elementor-post-type=\"page\">\n\t\t\t\t\t\t<section class=\"elementor-section elementor-top-section elementor-element elementor-element-3c2b89d elementor-section-full_width elementor-section-height-default elementor-section-height-default\" data-id=\"3c2b89d\" data-element_type=\"section\" data-e-type=\"section\" data-settings=\"{&quot;background_background&quot;:&quot;classic&quot;}\">\n\t\t\t\t\t\t<div class=\"elementor-container elementor-column-gap-default\">\n\t\t\t\t\t<div class=\"elementor-column elementor-col-100 elementor-top-column elementor-element elementor-element-bd47f62\" data-id=\"bd47f62\" data-element_type=\"column\" data-e-type=\"column\">\n\t\t\t<div class=\"elementor-widget-wrap elementor-element-populated\">\n\t\t\t\t\t\t<section class=\"elementor-section elementor-inner-section elementor-element elementor-element-355d9d6 elementor-section-boxed elementor-section-height-default elementor-section-height-default\" data-id=\"355d9d6\" data-element_type=\"section\" data-e-type=\"section\">\n\t\t\t\t\t\t<div class=\"elementor-container elementor-column-gap-default\">\n\t\t\t\t\t<div class=\"elementor-column elementor-col-100 elementor-inner-column elementor-element elementor-element-9b74e84\" data-id=\"9b74e84\" data-element_type=\"column\" data-e-type=\"column\">\n\t\t\t<div class=\"elementor-widget-wrap elementor-element-populated\">\n\t\t\t\t\t\t<div class=\"elementor-element elementor-element-a198103 elementor-widget elementor-widget-heading\" data-id=\"a198103\" data-element_type=\"widget\" data-e-type=\"widget\" data-widget_type=\"heading.default\">\n\t\t\t\t\t<h1 class=\"elementor-heading-title elementor-size-default\">General Terms and Conditions (GTC)<\/h1>\t\t\t\t<\/div>\n\t\t\t\t<div class=\"elementor-element elementor-element-ba4ebd2 elementor-widget elementor-widget-text-editor\" data-id=\"ba4ebd2\" data-element_type=\"widget\" data-e-type=\"widget\" data-widget_type=\"text-editor.default\">\n\t\t\t\t\t\t\t\t\t<ol><li>Scope<\/li><\/ol><p>These terms and conditions apply to all orders placed by consumers via the online shop of<\/p><p>STRAIGHT FOODS UG (limited liability)<\/p><p>Heuweg 24<\/p><p>93194 Walderbach<\/p><p>Germany<\/p><p>Registered in the commercial register of the local court in Regensburg<\/p><p>HRB 21662<\/p><p>VAT ID No.: DE456578099<\/p><p>(hereinafter referred to as \"Provider\")<\/p><p>do.<\/p><p>A consumer is any natural person who enters into a legal transaction for purposes that are predominantly neither attributable to their commercial nor their independent professional activity.<\/p><ol start=\"2\"><li>Conclusion of the contract<\/li><\/ol><p>The presentation of products in the online shop does not constitute a legally binding offer, but rather an invitation to place an order.<\/p><p>By clicking the \"Order with obligation to pay\" button, the customer submits a binding order for the goods contained in the shopping cart.<\/p><p>The contract only comes into effect through an express declaration of acceptance or by dispatch of the goods.<\/p><ol start=\"3\"><li>Prices and shipping costs<\/li><\/ol><p>All prices are final prices and include VAT.<\/p><p>Any additional shipping costs will be shown separately during the ordering process.<\/p><ol start=\"4\"><li>Payment terms<\/li><\/ol><p>The available payment methods are listed in the online shop.<\/p><p>The provider reserves the right to exclude individual payment methods in specific cases.<\/p><p>The purchase price is due immediately upon conclusion of the contract.<\/p><ol start=\"5\"><li>Retention of title<\/li><\/ol><p>The goods remain the property of STRAIGHT FOODS UG (limited liability) until full payment has been received.<\/p><ol start=\"6\"><li>Right of withdrawal<\/li><\/ol><p>Consumers generally have a statutory right of withdrawal.<\/p><p>Food safety information:<\/p><p>According to \u00a7 312g para. 2 no. 2 of the German Civil Code (BGB), the right of withdrawal does not apply to contracts for the delivery of goods.<\/p><p>which can spoil quickly or<\/p><p>whose expiration date would be quickly exceeded.<\/p><p>For non-perishable and originally packaged products, the statutory cancellation period of 14 days applies.<\/p><p>The complete cancellation policy will be provided to the customer separately during the ordering process.<\/p><ol start=\"7\"><li>Warranty<\/li><\/ol><p>The statutory warranty rights apply.<\/p>\t\t\t\t\t\t\t\t<\/div>\n\t\t\t\t\t<\/div>\n\t\t<\/div>\n\t\t\t\t\t<\/div>\n\t\t<\/section>\n\t\t\t\t\t<\/div>\n\t\t<\/div>\n\t\t\t\t\t<\/div>\n\t\t<\/section>\n\t\t\t\t<\/div>","protected":false},"excerpt":{"rendered":"<p>Allgemeine Gesch\u00e4ftsbedingungen (AGB) Geltungsbereich Diese Allgemeinen Gesch\u00e4ftsbedingungen gelten f\u00fcr alle Bestellungen, die Verbraucher \u00fcber den Online-Shop der STRAIGHT FOODS UG (haftungsbeschr\u00e4nkt) Heuweg 24 93194 Walderbach Deutschland eingetragen im Handelsregister des Amtsgerichts Regensburg HRB 21662 USt-IdNr.: DE456578099 (nachfolgend \u201eAnbieter\u201c) t\u00e4tigen. Verbraucher ist jede nat\u00fcrliche Person, die ein Rechtsgesch\u00e4ft zu Zwecken abschlie\u00dft, die \u00fcberwiegend weder ihrer gewerblichen [&hellip;]<\/p>\n","protected":false},"author":1,"featured_media":0,"parent":0,"menu_order":0,"comment_status":"closed","ping_status":"closed","template":"elementor_header_footer","meta":{"footnotes":""},"class_list":["post-187","page","type-page","status-publish","hentry"],"_links":{"self":[{"href":"https:\/\/straight-foods.de\/en\/wp-json\/wp\/v2\/pages\/187","targetHints":{"allow":["GET"]}}],"collection":[{"href":"https:\/\/straight-foods.de\/en\/wp-json\/wp\/v2\/pages"}],"about":[{"href":"https:\/\/straight-foods.de\/en\/wp-json\/wp\/v2\/types\/page"}],"author":[{"embeddable":true,"href":"https:\/\/straight-foods.de\/en\/wp-json\/wp\/v2\/users\/1"}],"replies":[{"embeddable":true,"href":"https:\/\/straight-foods.de\/en\/wp-json\/wp\/v2\/comments?post=187"}],"version-history":[{"count":16,"href":"https:\/\/straight-foods.de\/en\/wp-json\/wp\/v2\/pages\/187\/revisions"}],"predecessor-version":[{"id":835,"href":"https:\/\/straight-foods.de\/en\/wp-json\/wp\/v2\/pages\/187\/revisions\/835"}],"wp:attachment":[{"href":"https:\/\/straight-foods.de\/en\/wp-json\/wp\/v2\/media?parent=187"}],"curies":[{"name":"wp","href":"https:\/\/api.w.org\/{rel}","templated":true}]}}